{"id":103998,"date":"2024-10-28T11:34:33","date_gmt":"2024-10-28T11:34:33","guid":{"rendered":"https:\/\/alberletbolsajatlakas.hu\/?page_id=103998"},"modified":"2024-10-28T11:37:44","modified_gmt":"2024-10-28T11:37:44","slug":"adatkezelesi-nyilatkozat","status":"publish","type":"page","link":"https:\/\/alberletbolsajatlakas.hu\/index.php\/adatkezelesi-nyilatkozat\/","title":{"rendered":"Adatkezel\u00e9si nyilatkozat"},"content":{"rendered":"\t\t<div data-elementor-type=\"wp-page\" data-elementor-id=\"103998\" class=\"elementor elementor-103998\">\n\t\t\t\t<div class=\"default show_shadow elementor-element elementor-element-26d5c57 e-flex e-con-boxed e-con e-parent\" data-id=\"26d5c57\" data-element_type=\"container\">\n\t\t\t\t\t<div class=\"e-con-inner\">\n\t\t\t\t<div class=\"elementor-element elementor-element-a04ce03 elementor-widget elementor-widget-text-editor\" data-id=\"a04ce03\" data-element_type=\"widget\" data-widget_type=\"text-editor.default\">\n\t\t\t\t<div class=\"elementor-widget-container\">\n\t\t\t<style>\/*! elementor - v3.23.0 - 05-08-2024 *\/\n.elementor-widget-text-editor.elementor-drop-cap-view-stacked .elementor-drop-cap{background-color:#69727d;color:#fff}.elementor-widget-text-editor.elementor-drop-cap-view-framed .elementor-drop-cap{color:#69727d;border:3px solid;background-color:transparent}.elementor-widget-text-editor:not(.elementor-drop-cap-view-default) .elementor-drop-cap{margin-top:8px}.elementor-widget-text-editor:not(.elementor-drop-cap-view-default) .elementor-drop-cap-letter{width:1em;height:1em}.elementor-widget-text-editor .elementor-drop-cap{float:left;text-align:center;line-height:1;font-size:50px}.elementor-widget-text-editor .elementor-drop-cap-letter{display:inline-block}<\/style>\t\t\t\t<h1 style=\"text-align:center;\"><b>Adatkezel\u00e9si hozz\u00e1j\u00e1rul\u00f3 nyilatkozat<\/b><\/h1>\n<div style=\"font-size: 16px;\"><p><span style=\"font-weight: 400;\">1.1 Alul\u00edrott ezennel kifejezetten hozz\u00e1j\u00e1rulok ahhoz, hogy az \u00e1ltalam rendelkez\u00e9sre bocs\u00e1tott, az Eur\u00f3pai Parlament \u00e9s Tan\u00e1cs (EU) 2016\/679 Rendelete (\u201eGDPR\u201d) 6. cikk (1) a.) pontja szerinti kifejezett hozz\u00e1j\u00e1rul\u00e1sommal megadott szem\u00e9lyes adataimat (adatv\u00e1ltoz\u00e1s eset\u00e9n bele\u00e9rtve a m\u00f3dos\u00edt\u00e1sra ker\u00fcl\u0151 adatokat is) az Alb\u00e9rletb\u0151l Saj\u00e1t Lak\u00e1s Kft., mint adatkezel\u0151 az anyagi helyzetem felm\u00e9r\u00e9se, a j\u00f6v\u0151beni megtakar\u00edt\u00e1si, befektet\u00e9si, biztos\u00edt\u00e1si c\u00e9ljaimnak \u00e9s lehet\u0151s\u00e9geimnek a meghat\u00e1roz\u00e1sa, majd az ig\u00e9nyeimnek \u00e9s lehet\u0151s\u00e9geimnek megfelel\u0151 p\u00e9nz\u00fcgyi, t\u0151kepiaci, p\u00e9nzt\u00e1ri, illet\u0151leg biztos\u00edt\u00e1si term\u00e9kek ig\u00e9nybev\u00e9tel\u00e9re t\u00f6rt\u00e9n\u0151 javaslatt\u00e9tel c\u00e9lj\u00e1b\u00f3l kezelje. Tiszt\u00e1ban vagyok azzal a t\u00e9nnyel, hogy amennyiben jelen hozz\u00e1j\u00e1rul\u00e1st nem adom meg, \u00fagy k\u00f6ztem \u00e9s az adatkezel\u0151 k\u00f6z\u00f6tti&nbsp; szerz\u0151d\u00e9s megk\u00f6t\u00e9se vagy teljes\u00edt\u00e9se lehetetlenn\u00e9 v\u00e1lik.<\/span><\/p><p><span style=\"font-weight: 400;\">Kifejezetten hozz\u00e1j\u00e1rulok tov\u00e1bb\u00e1 ahhoz, hogy az adatkezel\u0151 az \u00e1ltalam szolg\u00e1ltatott adatokb\u00f3l &#8211; elemz\u00e9s \u00fatj\u00e1n &#8211; a r\u00e9szemre p\u00e9nz\u00fcgyi, t\u0151kepiaci, p\u00e9nzt\u00e1ri, illet\u0151leg biztos\u00edt\u00e1si szerz\u0151d\u00e9s megk\u00f6t\u00e9s\u00e9re ir\u00e1nyul\u00f3 aj\u00e1nlat elk\u00e9sz\u00edt\u00e9s\u00e9hez a vagyoni helyzetemre \u00e9s j\u00f6v\u0151beni megtakar\u00edt\u00e1si c\u00e9ljaimra vonatkoz\u00f3, \u00e1ltalam \u00f6nk\u00e9nt szolg\u00e1ltatott adatokat ki\u00e9rt\u00e9kelje \u00e9s kezelje annak tudat\u00e1ban, hogy erre az \u00e9rintett \u00fcgyf\u00e9l \u00e9s az adatkezel\u0151 k\u00f6z\u00f6tti szerz\u0151d\u00e9s megk\u00f6t\u00e9se vagy teljes\u00edt\u00e9se \u00e9rdek\u00e9ben van sz\u00fcks\u00e9g. Fentiekr\u0151l a t\u00e1j\u00e9koztat\u00e1st megkaptam, \u00edgy tiszt\u00e1ban vagyok azon jogaimmal, hogy emberi beavatkoz\u00e1st k\u00e9rhetek, \u00e1ll\u00e1spontomat kifejthetem, magyar\u00e1zatot kaphatok az ilyen \u00e9rt\u00e9kel\u00e9s alapj\u00e1n hozott d\u00f6nt\u00e9sr\u0151l \u00e9s jogosult vagyok a d\u00f6nt\u00e9st megt\u00e1madni, vagy tiltakoz\u00e1si jogomat gyakorolni. Tiszt\u00e1ban vagyok azzal, hogy a hozz\u00e1j\u00e1rul\u00e1s megad\u00e1sa \u00f6nk\u00e9ntes, \u00e9s nem k\u00f6telez\u0151.<\/span><\/p>\n<p><span style=\"font-weight: 400;\">1.2 Kifejezett hozz\u00e1j\u00e1rul\u00e1somat adom, hogy az adatkezel\u0151 az adataimat \u2013 bele\u00e9rtve az \u00fcgyf\u00e9lprofilra vonatkoz\u00f3 adatokat is &#8211; marketing c\u00e9lb\u00f3l t\u00f6rt\u00e9n\u0151 term\u00e9kaj\u00e1nl\u00e1s (\u00e9rintett ig\u00e9nyeinek felm\u00e9r\u00e9se, term\u00e9kek k\u00f6zvetlen megkeres\u00e9ssel t\u00f6rt\u00e9n\u0151 aj\u00e1nl\u00e1sa, kereszt\u00e9rt\u00e9kes\u00edt\u00e9si lehet\u0151s\u00e9gek felt\u00e9rk\u00e9pez\u00e9se) \u00e9rdek\u00e9ben a hozz\u00e1j\u00e1rul\u00e1som visszavon\u00e1sig kezelje. Tiszt\u00e1ban vagyok azzal, hogy a hozz\u00e1j\u00e1rul\u00e1s megad\u00e1sa \u00f6nk\u00e9ntes, \u00e9s nem k\u00f6telez\u0151.<\/span><\/p>\n<p><span style=\"font-weight: 400;\">Az adatkezel\u00e9shez adott hozz\u00e1j\u00e1rul\u00e1s &#8211; a megfelel\u0151 garanci\u00e1k \u00e9s t\u00f6rv\u00e9nyi k\u00f6telezetts\u00e9gek adatkezel\u0151 \u00e1ltali megtart\u00e1sa mellett &#8211; visszavonhat\u00f3 az Alb\u00e9rletb\u0151l Saj\u00e1t Lak\u00e1s Kft. Adatkezel\u00e9si t\u00e1j\u00e9koztat\u00f3j\u00e1ban megadott el\u00e9rhet\u0151s\u00e9geken, \u00fagy mint a t\u00e1rsas\u00e1g mindenkori sz\u00e9khely\u00e9re c\u00edmzett postai lev\u00e9lben, vagy az info.davidtamas@gmail.com e-mail c\u00edmre k\u00fcld\u00f6tt elektronikus lev\u00e9lben, illetve a t\u00e1j\u00e9koztat\u00f3ban szerepl\u0151 telefonsz\u00e1mok b\u00e1rmelyik\u00e9n. A hozz\u00e1j\u00e1rul\u00e1s visszavon\u00e1sa nem \u00e9rinti a hozz\u00e1j\u00e1rul\u00e1son alapul\u00f3, a visszavon\u00e1s el\u0151tti adatkezel\u00e9s jogszer\u0171s\u00e9g\u00e9t. T\u00e1j\u00e9koztat\u00e1st kaptam arr\u00f3l, hogy az adatkezel\u00e9ssel \u00f6sszef\u00fcgg\u0151 jogaim s\u00e9relme eset\u00e9n fordulhatok k\u00f6zvetlen\u00fcl az adatkezel\u0151h\u00f6z, vagy v\u00e1laszt\u00e1som szerint b\u00edr\u00f3s\u00e1ghoz illetve a Nemzeti Adatv\u00e9delmi \u00e9s Inform\u00e1ci\u00f3szabads\u00e1g Hat\u00f3s\u00e1ghoz.<\/span><\/p><\/div>\t\t\t\t\t\t<\/div>\n\t\t\t\t<\/div>\n\t\t\t\t\t<\/div>\n\t\t\t\t<\/div>\n\t\t\t\t<\/div>\n\t\t","protected":false},"excerpt":{"rendered":"<p>Adatkezel\u00e9si hozz\u00e1j\u00e1rul\u00f3 nyilatkozat 1.1 Alul\u00edrott ezennel kifejezetten hozz\u00e1j\u00e1rulok ahhoz, hogy az \u00e1ltalam rendelkez\u00e9sre bocs\u00e1tott, az Eur\u00f3pai Parlament \u00e9s Tan\u00e1cs (EU) 2016\/679 Rendelete (\u201eGDPR\u201d) 6. cikk (1) a.) pontja szerinti kifejezett hozz\u00e1j\u00e1rul\u00e1sommal megadott szem\u00e9lyes adataimat (adatv\u00e1ltoz\u00e1s eset\u00e9n bele\u00e9rtve a m\u00f3dos\u00edt\u00e1sra ker\u00fcl\u0151 adatokat is) az Alb\u00e9rletb\u0151l Saj\u00e1t Lak\u00e1s Kft., mint adatkezel\u0151 az anyagi helyzetem felm\u00e9r\u00e9se, a j\u00f6v\u0151beni&#8230;<\/p>\n","protected":false},"author":1,"featured_media":0,"parent":0,"menu_order":0,"comment_status":"closed","ping_status":"closed","template":"","meta":{"footnotes":""},"class_list":["post-103998","page","type-page","status-publish","hentry"],"yoast_head":"<!-- This site is optimized with the Yoast SEO plugin v23.3 - https:\/\/yoast.com\/wordpress\/plugins\/seo\/ -->\n<title>Adatkezel\u00e9si nyilatkozat - Alb\u00e9rletb\u0151l Saj\u00e1t Lak\u00e1s<\/title>\n<meta name=\"robots\" content=\"index, follow, max-snippet:-1, max-image-preview:large, max-video-preview:-1\" \/>\n<link rel=\"canonical\" href=\"https:\/\/alberletbolsajatlakas.hu\/index.php\/adatkezelesi-nyilatkozat\/\" \/>\n<meta property=\"og:locale\" content=\"hu_HU\" \/>\n<meta property=\"og:type\" content=\"article\" \/>\n<meta property=\"og:title\" content=\"Adatkezel\u00e9si nyilatkozat - Alb\u00e9rletb\u0151l Saj\u00e1t Lak\u00e1s\" \/>\n<meta property=\"og:description\" content=\"Adatkezel\u00e9si hozz\u00e1j\u00e1rul\u00f3 nyilatkozat 1.1 Alul\u00edrott ezennel kifejezetten hozz\u00e1j\u00e1rulok ahhoz, hogy az \u00e1ltalam rendelkez\u00e9sre bocs\u00e1tott, az Eur\u00f3pai Parlament \u00e9s Tan\u00e1cs (EU) 2016\/679 Rendelete (\u201eGDPR\u201d) 6. cikk (1) a.) pontja szerinti kifejezett hozz\u00e1j\u00e1rul\u00e1sommal megadott szem\u00e9lyes adataimat (adatv\u00e1ltoz\u00e1s eset\u00e9n bele\u00e9rtve a m\u00f3dos\u00edt\u00e1sra ker\u00fcl\u0151 adatokat is) az Alb\u00e9rletb\u0151l Saj\u00e1t Lak\u00e1s Kft., mint adatkezel\u0151 az anyagi helyzetem felm\u00e9r\u00e9se, a j\u00f6v\u0151beni...\" \/>\n<meta property=\"og:url\" content=\"https:\/\/alberletbolsajatlakas.hu\/index.php\/adatkezelesi-nyilatkozat\/\" \/>\n<meta property=\"og:site_name\" content=\"Alb\u00e9rletb\u0151l Saj\u00e1t Lak\u00e1s\" \/>\n<meta property=\"article:modified_time\" content=\"2024-10-28T11:37:44+00:00\" \/>\n<meta name=\"twitter:card\" content=\"summary_large_image\" \/>\n<meta name=\"twitter:label1\" content=\"Becs\u00fclt olvas\u00e1si id\u0151\" \/>\n\t<meta name=\"twitter:data1\" content=\"2 perc\" \/>\n<script type=\"application\/ld+json\" class=\"yoast-schema-graph\">{\"@context\":\"https:\/\/schema.org\",\"@graph\":[{\"@type\":\"WebPage\",\"@id\":\"https:\/\/alberletbolsajatlakas.hu\/index.php\/adatkezelesi-nyilatkozat\/\",\"url\":\"https:\/\/alberletbolsajatlakas.hu\/index.php\/adatkezelesi-nyilatkozat\/\",\"name\":\"Adatkezel\u00e9si nyilatkozat - Alb\u00e9rletb\u0151l Saj\u00e1t Lak\u00e1s\",\"isPartOf\":{\"@id\":\"https:\/\/alberletbolsajatlakas.hu\/#website\"},\"datePublished\":\"2024-10-28T11:34:33+00:00\",\"dateModified\":\"2024-10-28T11:37:44+00:00\",\"breadcrumb\":{\"@id\":\"https:\/\/alberletbolsajatlakas.hu\/index.php\/adatkezelesi-nyilatkozat\/#breadcrumb\"},\"inLanguage\":\"hu\",\"potentialAction\":[{\"@type\":\"ReadAction\",\"target\":[\"https:\/\/alberletbolsajatlakas.hu\/index.php\/adatkezelesi-nyilatkozat\/\"]}]},{\"@type\":\"BreadcrumbList\",\"@id\":\"https:\/\/alberletbolsajatlakas.hu\/index.php\/adatkezelesi-nyilatkozat\/#breadcrumb\",\"itemListElement\":[{\"@type\":\"ListItem\",\"position\":1,\"name\":\"Kezd\u0151lap\",\"item\":\"https:\/\/alberletbolsajatlakas.hu\/\"},{\"@type\":\"ListItem\",\"position\":2,\"name\":\"Adatkezel\u00e9si nyilatkozat\"}]},{\"@type\":\"WebSite\",\"@id\":\"https:\/\/alberletbolsajatlakas.hu\/#website\",\"url\":\"https:\/\/alberletbolsajatlakas.hu\/\",\"name\":\"Alb\u00e9rletb\u0151l saj\u00e1t lak\u00e1s\",\"description\":\"Az Alb\u00e9rletb\u0151l Saj\u00e1t Lak\u00e1s Kft.-n\u00e9l hissz\u00fck, hogy minden \u00e1lom val\u00f3ra v\u00e1lhat.\",\"publisher\":{\"@id\":\"https:\/\/alberletbolsajatlakas.hu\/#organization\"},\"potentialAction\":[{\"@type\":\"SearchAction\",\"target\":{\"@type\":\"EntryPoint\",\"urlTemplate\":\"https:\/\/alberletbolsajatlakas.hu\/?s={search_term_string}\"},\"query-input\":\"required name=search_term_string\"}],\"inLanguage\":\"hu\"},{\"@type\":\"Organization\",\"@id\":\"https:\/\/alberletbolsajatlakas.hu\/#organization\",\"name\":\"Alb\u00e9rletb\u0151l saj\u00e1t lak\u00e1s\",\"url\":\"https:\/\/alberletbolsajatlakas.hu\/\",\"logo\":{\"@type\":\"ImageObject\",\"inLanguage\":\"hu\",\"@id\":\"https:\/\/alberletbolsajatlakas.hu\/#\/schema\/logo\/image\/\",\"url\":\"https:\/\/alberletbolsajatlakas.hu\/wp-content\/uploads\/2024\/08\/cropped-Alberletbol_20240823_142612_0000.png\",\"contentUrl\":\"https:\/\/alberletbolsajatlakas.hu\/wp-content\/uploads\/2024\/08\/cropped-Alberletbol_20240823_142612_0000.png\",\"width\":500,\"height\":159,\"caption\":\"Alb\u00e9rletb\u0151l saj\u00e1t lak\u00e1s\"},\"image\":{\"@id\":\"https:\/\/alberletbolsajatlakas.hu\/#\/schema\/logo\/image\/\"}}]}<\/script>\n<!-- \/ Yoast SEO plugin. -->","yoast_head_json":{"title":"Adatkezel\u00e9si nyilatkozat - Alb\u00e9rletb\u0151l Saj\u00e1t Lak\u00e1s","robots":{"index":"index","follow":"follow","max-snippet":"max-snippet:-1","max-image-preview":"max-image-preview:large","max-video-preview":"max-video-preview:-1"},"canonical":"https:\/\/alberletbolsajatlakas.hu\/index.php\/adatkezelesi-nyilatkozat\/","og_locale":"hu_HU","og_type":"article","og_title":"Adatkezel\u00e9si nyilatkozat - Alb\u00e9rletb\u0151l Saj\u00e1t Lak\u00e1s","og_description":"Adatkezel\u00e9si hozz\u00e1j\u00e1rul\u00f3 nyilatkozat 1.1 Alul\u00edrott ezennel kifejezetten hozz\u00e1j\u00e1rulok ahhoz, hogy az \u00e1ltalam rendelkez\u00e9sre bocs\u00e1tott, az Eur\u00f3pai Parlament \u00e9s Tan\u00e1cs (EU) 2016\/679 Rendelete (\u201eGDPR\u201d) 6. cikk (1) a.) pontja szerinti kifejezett hozz\u00e1j\u00e1rul\u00e1sommal megadott szem\u00e9lyes adataimat (adatv\u00e1ltoz\u00e1s eset\u00e9n bele\u00e9rtve a m\u00f3dos\u00edt\u00e1sra ker\u00fcl\u0151 adatokat is) az Alb\u00e9rletb\u0151l Saj\u00e1t Lak\u00e1s Kft., mint adatkezel\u0151 az anyagi helyzetem felm\u00e9r\u00e9se, a j\u00f6v\u0151beni...","og_url":"https:\/\/alberletbolsajatlakas.hu\/index.php\/adatkezelesi-nyilatkozat\/","og_site_name":"Alb\u00e9rletb\u0151l Saj\u00e1t Lak\u00e1s","article_modified_time":"2024-10-28T11:37:44+00:00","twitter_card":"summary_large_image","twitter_misc":{"Becs\u00fclt olvas\u00e1si id\u0151":"2 perc"},"schema":{"@context":"https:\/\/schema.org","@graph":[{"@type":"WebPage","@id":"https:\/\/alberletbolsajatlakas.hu\/index.php\/adatkezelesi-nyilatkozat\/","url":"https:\/\/alberletbolsajatlakas.hu\/index.php\/adatkezelesi-nyilatkozat\/","name":"Adatkezel\u00e9si nyilatkozat - Alb\u00e9rletb\u0151l Saj\u00e1t Lak\u00e1s","isPartOf":{"@id":"https:\/\/alberletbolsajatlakas.hu\/#website"},"datePublished":"2024-10-28T11:34:33+00:00","dateModified":"2024-10-28T11:37:44+00:00","breadcrumb":{"@id":"https:\/\/alberletbolsajatlakas.hu\/index.php\/adatkezelesi-nyilatkozat\/#breadcrumb"},"inLanguage":"hu","potentialAction":[{"@type":"ReadAction","target":["https:\/\/alberletbolsajatlakas.hu\/index.php\/adatkezelesi-nyilatkozat\/"]}]},{"@type":"BreadcrumbList","@id":"https:\/\/alberletbolsajatlakas.hu\/index.php\/adatkezelesi-nyilatkozat\/#breadcrumb","itemListElement":[{"@type":"ListItem","position":1,"name":"Kezd\u0151lap","item":"https:\/\/alberletbolsajatlakas.hu\/"},{"@type":"ListItem","position":2,"name":"Adatkezel\u00e9si nyilatkozat"}]},{"@type":"WebSite","@id":"https:\/\/alberletbolsajatlakas.hu\/#website","url":"https:\/\/alberletbolsajatlakas.hu\/","name":"Alb\u00e9rletb\u0151l saj\u00e1t lak\u00e1s","description":"Az Alb\u00e9rletb\u0151l Saj\u00e1t Lak\u00e1s Kft.-n\u00e9l hissz\u00fck, hogy minden \u00e1lom val\u00f3ra v\u00e1lhat.","publisher":{"@id":"https:\/\/alberletbolsajatlakas.hu\/#organization"},"potentialAction":[{"@type":"SearchAction","target":{"@type":"EntryPoint","urlTemplate":"https:\/\/alberletbolsajatlakas.hu\/?s={search_term_string}"},"query-input":"required name=search_term_string"}],"inLanguage":"hu"},{"@type":"Organization","@id":"https:\/\/alberletbolsajatlakas.hu\/#organization","name":"Alb\u00e9rletb\u0151l saj\u00e1t lak\u00e1s","url":"https:\/\/alberletbolsajatlakas.hu\/","logo":{"@type":"ImageObject","inLanguage":"hu","@id":"https:\/\/alberletbolsajatlakas.hu\/#\/schema\/logo\/image\/","url":"https:\/\/alberletbolsajatlakas.hu\/wp-content\/uploads\/2024\/08\/cropped-Alberletbol_20240823_142612_0000.png","contentUrl":"https:\/\/alberletbolsajatlakas.hu\/wp-content\/uploads\/2024\/08\/cropped-Alberletbol_20240823_142612_0000.png","width":500,"height":159,"caption":"Alb\u00e9rletb\u0151l saj\u00e1t lak\u00e1s"},"image":{"@id":"https:\/\/alberletbolsajatlakas.hu\/#\/schema\/logo\/image\/"}}]}},"_links":{"self":[{"href":"https:\/\/alberletbolsajatlakas.hu\/index.php\/wp-json\/wp\/v2\/pages\/103998","targetHints":{"allow":["GET"]}}],"collection":[{"href":"https:\/\/alberletbolsajatlakas.hu\/index.php\/wp-json\/wp\/v2\/pages"}],"about":[{"href":"https:\/\/alberletbolsajatlakas.hu\/index.php\/wp-json\/wp\/v2\/types\/page"}],"author":[{"embeddable":true,"href":"https:\/\/alberletbolsajatlakas.hu\/index.php\/wp-json\/wp\/v2\/users\/1"}],"replies":[{"embeddable":true,"href":"https:\/\/alberletbolsajatlakas.hu\/index.php\/wp-json\/wp\/v2\/comments?post=103998"}],"version-history":[{"count":10,"href":"https:\/\/alberletbolsajatlakas.hu\/index.php\/wp-json\/wp\/v2\/pages\/103998\/revisions"}],"predecessor-version":[{"id":104008,"href":"https:\/\/alberletbolsajatlakas.hu\/index.php\/wp-json\/wp\/v2\/pages\/103998\/revisions\/104008"}],"wp:attachment":[{"href":"https:\/\/alberletbolsajatlakas.hu\/index.php\/wp-json\/wp\/v2\/media?parent=103998"}],"curies":[{"name":"wp","href":"https:\/\/api.w.org\/{rel}","templated":true}]}}