{"id":103842,"date":"2024-10-16T10:06:07","date_gmt":"2024-10-16T10:06:07","guid":{"rendered":"https:\/\/alberletbolsajatlakas.hu\/?page_id=103842"},"modified":"2024-10-31T12:49:39","modified_gmt":"2024-10-31T12:49:39","slug":"egyeb-ceges-szerzodesek","status":"publish","type":"page","link":"https:\/\/alberletbolsajatlakas.hu\/index.php\/egyeb-ceges-szerzodesek\/","title":{"rendered":"Egy\u00e9b c\u00e9ges szerz\u0151d\u00e9sek"},"content":{"rendered":"\t\t<div data-elementor-type=\"wp-page\" data-elementor-id=\"103842\" class=\"elementor elementor-103842\">\n\t\t\t\t<div class=\"default show_shadow elementor-element elementor-element-2eb692b9 e-flex e-con-boxed e-con e-parent\" data-id=\"2eb692b9\" data-element_type=\"container\">\n\t\t\t\t\t<div class=\"e-con-inner\">\n\t\t\t\t<div class=\"elementor-element elementor-element-40244a54 elementor-widget elementor-widget-text-editor\" data-id=\"40244a54\" data-element_type=\"widget\" data-widget_type=\"text-editor.default\">\n\t\t\t\t<div class=\"elementor-widget-container\">\n\t\t\t<style>\/*! elementor - v3.23.0 - 05-08-2024 *\/\n.elementor-widget-text-editor.elementor-drop-cap-view-stacked .elementor-drop-cap{background-color:#69727d;color:#fff}.elementor-widget-text-editor.elementor-drop-cap-view-framed .elementor-drop-cap{color:#69727d;border:3px solid;background-color:transparent}.elementor-widget-text-editor:not(.elementor-drop-cap-view-default) .elementor-drop-cap{margin-top:8px}.elementor-widget-text-editor:not(.elementor-drop-cap-view-default) .elementor-drop-cap-letter{width:1em;height:1em}.elementor-widget-text-editor .elementor-drop-cap{float:left;text-align:center;line-height:1;font-size:50px}.elementor-widget-text-editor .elementor-drop-cap-letter{display:inline-block}<\/style>\t\t\t\t<p>Egy\u00e9b c\u00e9ges szerz\u0151d\u00e9sek<\/p>\t\t\t\t\t\t<\/div>\n\t\t\t\t<\/div>\n\t\t\t\t<div class=\"elementor-element elementor-element-83a309c elementor-widget-divider--view-line elementor-widget elementor-widget-divider\" data-id=\"83a309c\" data-element_type=\"widget\" data-widget_type=\"divider.default\">\n\t\t\t\t<div class=\"elementor-widget-container\">\n\t\t\t<style>\/*! elementor - v3.23.0 - 05-08-2024 *\/\n.elementor-widget-divider{--divider-border-style:none;--divider-border-width:1px;--divider-color:#0c0d0e;--divider-icon-size:20px;--divider-element-spacing:10px;--divider-pattern-height:24px;--divider-pattern-size:20px;--divider-pattern-url:none;--divider-pattern-repeat:repeat-x}.elementor-widget-divider .elementor-divider{display:flex}.elementor-widget-divider .elementor-divider__text{font-size:15px;line-height:1;max-width:95%}.elementor-widget-divider .elementor-divider__element{margin:0 var(--divider-element-spacing);flex-shrink:0}.elementor-widget-divider .elementor-icon{font-size:var(--divider-icon-size)}.elementor-widget-divider .elementor-divider-separator{display:flex;margin:0;direction:ltr}.elementor-widget-divider--view-line_icon .elementor-divider-separator,.elementor-widget-divider--view-line_text .elementor-divider-separator{align-items:center}.elementor-widget-divider--view-line_icon .elementor-divider-separator:after,.elementor-widget-divider--view-line_icon .elementor-divider-separator:before,.elementor-widget-divider--view-line_text .elementor-divider-separator:after,.elementor-widget-divider--view-line_text .elementor-divider-separator:before{display:block;content:\"\";border-block-end:0;flex-grow:1;border-block-start:var(--divider-border-width) var(--divider-border-style) var(--divider-color)}.elementor-widget-divider--element-align-left .elementor-divider .elementor-divider-separator>.elementor-divider__svg:first-of-type{flex-grow:0;flex-shrink:100}.elementor-widget-divider--element-align-left .elementor-divider-separator:before{content:none}.elementor-widget-divider--element-align-left .elementor-divider__element{margin-left:0}.elementor-widget-divider--element-align-right .elementor-divider .elementor-divider-separator>.elementor-divider__svg:last-of-type{flex-grow:0;flex-shrink:100}.elementor-widget-divider--element-align-right .elementor-divider-separator:after{content:none}.elementor-widget-divider--element-align-right .elementor-divider__element{margin-right:0}.elementor-widget-divider--element-align-start .elementor-divider .elementor-divider-separator>.elementor-divider__svg:first-of-type{flex-grow:0;flex-shrink:100}.elementor-widget-divider--element-align-start .elementor-divider-separator:before{content:none}.elementor-widget-divider--element-align-start .elementor-divider__element{margin-inline-start:0}.elementor-widget-divider--element-align-end .elementor-divider .elementor-divider-separator>.elementor-divider__svg:last-of-type{flex-grow:0;flex-shrink:100}.elementor-widget-divider--element-align-end .elementor-divider-separator:after{content:none}.elementor-widget-divider--element-align-end .elementor-divider__element{margin-inline-end:0}.elementor-widget-divider:not(.elementor-widget-divider--view-line_text):not(.elementor-widget-divider--view-line_icon) .elementor-divider-separator{border-block-start:var(--divider-border-width) var(--divider-border-style) var(--divider-color)}.elementor-widget-divider--separator-type-pattern{--divider-border-style:none}.elementor-widget-divider--separator-type-pattern.elementor-widget-divider--view-line .elementor-divider-separator,.elementor-widget-divider--separator-type-pattern:not(.elementor-widget-divider--view-line) .elementor-divider-separator:after,.elementor-widget-divider--separator-type-pattern:not(.elementor-widget-divider--view-line) .elementor-divider-separator:before,.elementor-widget-divider--separator-type-pattern:not([class*=elementor-widget-divider--view]) .elementor-divider-separator{width:100%;min-height:var(--divider-pattern-height);-webkit-mask-size:var(--divider-pattern-size) 100%;mask-size:var(--divider-pattern-size) 100%;-webkit-mask-repeat:var(--divider-pattern-repeat);mask-repeat:var(--divider-pattern-repeat);background-color:var(--divider-color);-webkit-mask-image:var(--divider-pattern-url);mask-image:var(--divider-pattern-url)}.elementor-widget-divider--no-spacing{--divider-pattern-size:auto}.elementor-widget-divider--bg-round{--divider-pattern-repeat:round}.rtl .elementor-widget-divider .elementor-divider__text{direction:rtl}.e-con-inner>.elementor-widget-divider,.e-con>.elementor-widget-divider{width:var(--container-widget-width,100%);--flex-grow:var(--container-widget-flex-grow)}<\/style>\t\t<div class=\"elementor-divider\">\n\t\t\t<span class=\"elementor-divider-separator\">\n\t\t\t\t\t\t<\/span>\n\t\t<\/div>\n\t\t\t\t<\/div>\n\t\t\t\t<\/div>\n\t\t\t\t\t<\/div>\n\t\t\t\t<\/div>\n\t\t<div class=\"default show_shadow elementor-element elementor-element-2274b924 e-grid e-con-boxed e-con e-parent\" data-id=\"2274b924\" data-element_type=\"container\">\n\t\t\t\t\t<div class=\"e-con-inner\">\n\t\t\t\t<div class=\"elementor-element elementor-element-5e7d87c8 elementor-widget elementor-widget-text-editor\" data-id=\"5e7d87c8\" data-element_type=\"widget\" data-widget_type=\"text-editor.default\">\n\t\t\t\t<div class=\"elementor-widget-container\">\n\t\t\t\t\t\t\t<p><img fetchpriority=\"high\" decoding=\"async\" class=\"alignnone wp-image-94937 size-full\" src=\"https:\/\/alberletbolsajatlakas.hu\/wp-content\/uploads\/2023\/10\/service_img_h_1_3.jpg\" alt=\"\" width=\"768\" height=\"600\" srcset=\"https:\/\/alberletbolsajatlakas.hu\/wp-content\/uploads\/2023\/10\/service_img_h_1_3.jpg 768w, https:\/\/alberletbolsajatlakas.hu\/wp-content\/uploads\/2023\/10\/service_img_h_1_3-300x234.jpg 300w\" sizes=\"(max-width: 768px) 100vw, 768px\" \/><\/p><p>Sz\u00f6veg helye<\/p><h6>\u00a0<\/h6>\t\t\t\t\t\t<\/div>\n\t\t\t\t<\/div>\n\t\t\t\t<div class=\"elementor-element elementor-element-355d299c elementor-widget elementor-widget-html\" data-id=\"355d299c\" data-element_type=\"widget\" data-widget_type=\"html.default\">\n\t\t\t\t<div class=\"elementor-widget-container\">\n\t\t\t<iframe src=\"https:\/\/docs.google.com\/forms\/d\/e\/1FAIpQLSdnwOjzhkZ4JMuJQoZojEUnTDMt0UXoQStqWDcZzG-Az6CVNg\/viewform?embedded=true\" width=\"700\" height=\"1020\" frameborder=\"0\" marginheight=\"0\" marginwidth=\"0\">Bet\u00f6lt\u00e9s\u2026<\/iframe>\t\t<\/div>\n\t\t\t\t<\/div>\n\t\t\t\t\t<\/div>\n\t\t\t\t<\/div>\n\t\t\t\t<\/div>\n\t\t","protected":false},"excerpt":{"rendered":"<p>Egy\u00e9b c\u00e9ges szerz\u0151d\u00e9sek Sz\u00f6veg helye \u00a0 Bet\u00f6lt\u00e9s\u2026<\/p>\n","protected":false},"author":1,"featured_media":0,"parent":0,"menu_order":0,"comment_status":"closed","ping_status":"closed","template":"","meta":{"footnotes":""},"class_list":["post-103842","page","type-page","status-publish","hentry"],"yoast_head":"<!-- This site is optimized with the Yoast SEO plugin v23.3 - https:\/\/yoast.com\/wordpress\/plugins\/seo\/ -->\n<title>Egy\u00e9b c\u00e9ges szerz\u0151d\u00e9sek - Alb\u00e9rletb\u0151l Saj\u00e1t Lak\u00e1s<\/title>\n<meta name=\"robots\" content=\"index, follow, max-snippet:-1, max-image-preview:large, max-video-preview:-1\" \/>\n<link rel=\"canonical\" href=\"https:\/\/alberletbolsajatlakas.hu\/index.php\/egyeb-ceges-szerzodesek\/\" \/>\n<meta property=\"og:locale\" content=\"hu_HU\" \/>\n<meta property=\"og:type\" content=\"article\" \/>\n<meta property=\"og:title\" content=\"Egy\u00e9b c\u00e9ges szerz\u0151d\u00e9sek - Alb\u00e9rletb\u0151l Saj\u00e1t Lak\u00e1s\" \/>\n<meta property=\"og:description\" content=\"Egy\u00e9b c\u00e9ges szerz\u0151d\u00e9sek Sz\u00f6veg helye \u00a0 Bet\u00f6lt\u00e9s\u2026\" \/>\n<meta property=\"og:url\" content=\"https:\/\/alberletbolsajatlakas.hu\/index.php\/egyeb-ceges-szerzodesek\/\" \/>\n<meta property=\"og:site_name\" content=\"Alb\u00e9rletb\u0151l Saj\u00e1t Lak\u00e1s\" \/>\n<meta property=\"article:modified_time\" content=\"2024-10-31T12:49:39+00:00\" \/>\n<meta property=\"og:image\" content=\"https:\/\/alberletbolsajatlakas.hu\/wp-content\/uploads\/2023\/10\/service_img_h_1_3.jpg\" \/>\n<meta name=\"twitter:card\" content=\"summary_large_image\" \/>\n<meta name=\"twitter:label1\" content=\"Becs\u00fclt olvas\u00e1si id\u0151\" \/>\n\t<meta name=\"twitter:data1\" content=\"1 perc\" \/>\n<script type=\"application\/ld+json\" class=\"yoast-schema-graph\">{\"@context\":\"https:\/\/schema.org\",\"@graph\":[{\"@type\":\"WebPage\",\"@id\":\"https:\/\/alberletbolsajatlakas.hu\/index.php\/egyeb-ceges-szerzodesek\/\",\"url\":\"https:\/\/alberletbolsajatlakas.hu\/index.php\/egyeb-ceges-szerzodesek\/\",\"name\":\"Egy\u00e9b c\u00e9ges szerz\u0151d\u00e9sek - Alb\u00e9rletb\u0151l Saj\u00e1t Lak\u00e1s\",\"isPartOf\":{\"@id\":\"https:\/\/alberletbolsajatlakas.hu\/#website\"},\"primaryImageOfPage\":{\"@id\":\"https:\/\/alberletbolsajatlakas.hu\/index.php\/egyeb-ceges-szerzodesek\/#primaryimage\"},\"image\":{\"@id\":\"https:\/\/alberletbolsajatlakas.hu\/index.php\/egyeb-ceges-szerzodesek\/#primaryimage\"},\"thumbnailUrl\":\"https:\/\/alberletbolsajatlakas.hu\/wp-content\/uploads\/2023\/10\/service_img_h_1_3.jpg\",\"datePublished\":\"2024-10-16T10:06:07+00:00\",\"dateModified\":\"2024-10-31T12:49:39+00:00\",\"breadcrumb\":{\"@id\":\"https:\/\/alberletbolsajatlakas.hu\/index.php\/egyeb-ceges-szerzodesek\/#breadcrumb\"},\"inLanguage\":\"hu\",\"potentialAction\":[{\"@type\":\"ReadAction\",\"target\":[\"https:\/\/alberletbolsajatlakas.hu\/index.php\/egyeb-ceges-szerzodesek\/\"]}]},{\"@type\":\"ImageObject\",\"inLanguage\":\"hu\",\"@id\":\"https:\/\/alberletbolsajatlakas.hu\/index.php\/egyeb-ceges-szerzodesek\/#primaryimage\",\"url\":\"https:\/\/alberletbolsajatlakas.hu\/wp-content\/uploads\/2023\/10\/service_img_h_1_3.jpg\",\"contentUrl\":\"https:\/\/alberletbolsajatlakas.hu\/wp-content\/uploads\/2023\/10\/service_img_h_1_3.jpg\",\"width\":768,\"height\":600},{\"@type\":\"BreadcrumbList\",\"@id\":\"https:\/\/alberletbolsajatlakas.hu\/index.php\/egyeb-ceges-szerzodesek\/#breadcrumb\",\"itemListElement\":[{\"@type\":\"ListItem\",\"position\":1,\"name\":\"Kezd\u0151lap\",\"item\":\"https:\/\/alberletbolsajatlakas.hu\/\"},{\"@type\":\"ListItem\",\"position\":2,\"name\":\"Egy\u00e9b c\u00e9ges szerz\u0151d\u00e9sek\"}]},{\"@type\":\"WebSite\",\"@id\":\"https:\/\/alberletbolsajatlakas.hu\/#website\",\"url\":\"https:\/\/alberletbolsajatlakas.hu\/\",\"name\":\"Alb\u00e9rletb\u0151l saj\u00e1t lak\u00e1s\",\"description\":\"Az Alb\u00e9rletb\u0151l Saj\u00e1t Lak\u00e1s Kft.-n\u00e9l hissz\u00fck, hogy minden \u00e1lom val\u00f3ra v\u00e1lhat.\",\"publisher\":{\"@id\":\"https:\/\/alberletbolsajatlakas.hu\/#organization\"},\"potentialAction\":[{\"@type\":\"SearchAction\",\"target\":{\"@type\":\"EntryPoint\",\"urlTemplate\":\"https:\/\/alberletbolsajatlakas.hu\/?s={search_term_string}\"},\"query-input\":\"required name=search_term_string\"}],\"inLanguage\":\"hu\"},{\"@type\":\"Organization\",\"@id\":\"https:\/\/alberletbolsajatlakas.hu\/#organization\",\"name\":\"Alb\u00e9rletb\u0151l saj\u00e1t lak\u00e1s\",\"url\":\"https:\/\/alberletbolsajatlakas.hu\/\",\"logo\":{\"@type\":\"ImageObject\",\"inLanguage\":\"hu\",\"@id\":\"https:\/\/alberletbolsajatlakas.hu\/#\/schema\/logo\/image\/\",\"url\":\"https:\/\/alberletbolsajatlakas.hu\/wp-content\/uploads\/2024\/08\/cropped-Alberletbol_20240823_142612_0000.png\",\"contentUrl\":\"https:\/\/alberletbolsajatlakas.hu\/wp-content\/uploads\/2024\/08\/cropped-Alberletbol_20240823_142612_0000.png\",\"width\":500,\"height\":159,\"caption\":\"Alb\u00e9rletb\u0151l saj\u00e1t lak\u00e1s\"},\"image\":{\"@id\":\"https:\/\/alberletbolsajatlakas.hu\/#\/schema\/logo\/image\/\"}}]}<\/script>\n<!-- \/ Yoast SEO plugin. -->","yoast_head_json":{"title":"Egy\u00e9b c\u00e9ges szerz\u0151d\u00e9sek - Alb\u00e9rletb\u0151l Saj\u00e1t Lak\u00e1s","robots":{"index":"index","follow":"follow","max-snippet":"max-snippet:-1","max-image-preview":"max-image-preview:large","max-video-preview":"max-video-preview:-1"},"canonical":"https:\/\/alberletbolsajatlakas.hu\/index.php\/egyeb-ceges-szerzodesek\/","og_locale":"hu_HU","og_type":"article","og_title":"Egy\u00e9b c\u00e9ges szerz\u0151d\u00e9sek - Alb\u00e9rletb\u0151l Saj\u00e1t Lak\u00e1s","og_description":"Egy\u00e9b c\u00e9ges szerz\u0151d\u00e9sek Sz\u00f6veg helye \u00a0 Bet\u00f6lt\u00e9s\u2026","og_url":"https:\/\/alberletbolsajatlakas.hu\/index.php\/egyeb-ceges-szerzodesek\/","og_site_name":"Alb\u00e9rletb\u0151l Saj\u00e1t Lak\u00e1s","article_modified_time":"2024-10-31T12:49:39+00:00","og_image":[{"url":"https:\/\/alberletbolsajatlakas.hu\/wp-content\/uploads\/2023\/10\/service_img_h_1_3.jpg"}],"twitter_card":"summary_large_image","twitter_misc":{"Becs\u00fclt olvas\u00e1si id\u0151":"1 perc"},"schema":{"@context":"https:\/\/schema.org","@graph":[{"@type":"WebPage","@id":"https:\/\/alberletbolsajatlakas.hu\/index.php\/egyeb-ceges-szerzodesek\/","url":"https:\/\/alberletbolsajatlakas.hu\/index.php\/egyeb-ceges-szerzodesek\/","name":"Egy\u00e9b c\u00e9ges szerz\u0151d\u00e9sek - Alb\u00e9rletb\u0151l Saj\u00e1t Lak\u00e1s","isPartOf":{"@id":"https:\/\/alberletbolsajatlakas.hu\/#website"},"primaryImageOfPage":{"@id":"https:\/\/alberletbolsajatlakas.hu\/index.php\/egyeb-ceges-szerzodesek\/#primaryimage"},"image":{"@id":"https:\/\/alberletbolsajatlakas.hu\/index.php\/egyeb-ceges-szerzodesek\/#primaryimage"},"thumbnailUrl":"https:\/\/alberletbolsajatlakas.hu\/wp-content\/uploads\/2023\/10\/service_img_h_1_3.jpg","datePublished":"2024-10-16T10:06:07+00:00","dateModified":"2024-10-31T12:49:39+00:00","breadcrumb":{"@id":"https:\/\/alberletbolsajatlakas.hu\/index.php\/egyeb-ceges-szerzodesek\/#breadcrumb"},"inLanguage":"hu","potentialAction":[{"@type":"ReadAction","target":["https:\/\/alberletbolsajatlakas.hu\/index.php\/egyeb-ceges-szerzodesek\/"]}]},{"@type":"ImageObject","inLanguage":"hu","@id":"https:\/\/alberletbolsajatlakas.hu\/index.php\/egyeb-ceges-szerzodesek\/#primaryimage","url":"https:\/\/alberletbolsajatlakas.hu\/wp-content\/uploads\/2023\/10\/service_img_h_1_3.jpg","contentUrl":"https:\/\/alberletbolsajatlakas.hu\/wp-content\/uploads\/2023\/10\/service_img_h_1_3.jpg","width":768,"height":600},{"@type":"BreadcrumbList","@id":"https:\/\/alberletbolsajatlakas.hu\/index.php\/egyeb-ceges-szerzodesek\/#breadcrumb","itemListElement":[{"@type":"ListItem","position":1,"name":"Kezd\u0151lap","item":"https:\/\/alberletbolsajatlakas.hu\/"},{"@type":"ListItem","position":2,"name":"Egy\u00e9b c\u00e9ges szerz\u0151d\u00e9sek"}]},{"@type":"WebSite","@id":"https:\/\/alberletbolsajatlakas.hu\/#website","url":"https:\/\/alberletbolsajatlakas.hu\/","name":"Alb\u00e9rletb\u0151l saj\u00e1t lak\u00e1s","description":"Az Alb\u00e9rletb\u0151l Saj\u00e1t Lak\u00e1s Kft.-n\u00e9l hissz\u00fck, hogy minden \u00e1lom val\u00f3ra v\u00e1lhat.","publisher":{"@id":"https:\/\/alberletbolsajatlakas.hu\/#organization"},"potentialAction":[{"@type":"SearchAction","target":{"@type":"EntryPoint","urlTemplate":"https:\/\/alberletbolsajatlakas.hu\/?s={search_term_string}"},"query-input":"required name=search_term_string"}],"inLanguage":"hu"},{"@type":"Organization","@id":"https:\/\/alberletbolsajatlakas.hu\/#organization","name":"Alb\u00e9rletb\u0151l saj\u00e1t lak\u00e1s","url":"https:\/\/alberletbolsajatlakas.hu\/","logo":{"@type":"ImageObject","inLanguage":"hu","@id":"https:\/\/alberletbolsajatlakas.hu\/#\/schema\/logo\/image\/","url":"https:\/\/alberletbolsajatlakas.hu\/wp-content\/uploads\/2024\/08\/cropped-Alberletbol_20240823_142612_0000.png","contentUrl":"https:\/\/alberletbolsajatlakas.hu\/wp-content\/uploads\/2024\/08\/cropped-Alberletbol_20240823_142612_0000.png","width":500,"height":159,"caption":"Alb\u00e9rletb\u0151l saj\u00e1t lak\u00e1s"},"image":{"@id":"https:\/\/alberletbolsajatlakas.hu\/#\/schema\/logo\/image\/"}}]}},"_links":{"self":[{"href":"https:\/\/alberletbolsajatlakas.hu\/index.php\/wp-json\/wp\/v2\/pages\/103842","targetHints":{"allow":["GET"]}}],"collection":[{"href":"https:\/\/alberletbolsajatlakas.hu\/index.php\/wp-json\/wp\/v2\/pages"}],"about":[{"href":"https:\/\/alberletbolsajatlakas.hu\/index.php\/wp-json\/wp\/v2\/types\/page"}],"author":[{"embeddable":true,"href":"https:\/\/alberletbolsajatlakas.hu\/index.php\/wp-json\/wp\/v2\/users\/1"}],"replies":[{"embeddable":true,"href":"https:\/\/alberletbolsajatlakas.hu\/index.php\/wp-json\/wp\/v2\/comments?post=103842"}],"version-history":[{"count":8,"href":"https:\/\/alberletbolsajatlakas.hu\/index.php\/wp-json\/wp\/v2\/pages\/103842\/revisions"}],"predecessor-version":[{"id":104190,"href":"https:\/\/alberletbolsajatlakas.hu\/index.php\/wp-json\/wp\/v2\/pages\/103842\/revisions\/104190"}],"wp:attachment":[{"href":"https:\/\/alberletbolsajatlakas.hu\/index.php\/wp-json\/wp\/v2\/media?parent=103842"}],"curies":[{"name":"wp","href":"https:\/\/api.w.org\/{rel}","templated":true}]}}